{"id":809,"date":"2020-02-07T13:24:43","date_gmt":"2020-02-07T11:24:43","guid":{"rendered":"http:\/\/www.osrasinarira.ro\/blog\/?page_id=809"},"modified":"2020-02-14T12:45:12","modified_gmt":"2020-02-14T10:45:12","slug":"licitatie-masa-lemnoasa-pe-picior-din-17-02-2020","status":"publish","type":"page","link":"http:\/\/www.osrasinarira.ro\/blog\/licitatie-masa-lemnoasa-pe-picior-din-17-02-2020\/","title":{"rendered":"Licita\u021bie mas\u0103 lemnoas\u0103 &#8220;pe picior&#8221; din 17.02.2020"},"content":{"rendered":"<p><!--StartFragment--><\/p>\n\n\n<p>Ocolul Silvic R\u0103\u0219inari RA, cu sediul \u00een comuna R\u0103\u0219inari, str. O.Goga, nr. 1687, tel. \/ fax 0269557779, anun\u021b\u0103 organizarea \u00een data de 17.02.2020, la sediul propriu licita\u021bie public\u0103 deschis\u0103 \u00een plic pentru masa lemnoas\u0103 \u201cpe picior\u201d.<\/p>\n\n\n\n<p><a rel=\"noreferrer noopener\" aria-label=\" (opens in a new tab)\" href=\"http:\/\/www.osrasinarira.ro\/licitatii\/2020\/Feb\/Anunt_picior_feb_2020.pdf\" target=\"_blank\">Anun\u021b licita\u021bie mas\u0103 lemnoas\u0103 pe \u201cpicior\u201d<\/a><\/p>\n\n\n\n<p><a href=\"http:\/\/www.osrasinarira.ro\/licitatii\/2020\/Feb\/Caiet_sarci_feb_2020.pdf\" target=\"_blank\" rel=\"noreferrer noopener\" aria-label=\" (opens in a new tab)\">Caietul de sarcini<\/a><\/p>\n\n\n\n<p><a href=\"http:\/\/www.osrasinarira.ro\/licitatii\/2020\/Feb\/Lista_APV_februarie_2020.pdf\" target=\"_blank\" rel=\"noreferrer noopener\" aria-label=\" (opens in a new tab)\">Lista de partizi<\/a><\/p>\n\n\n\n<p><a href=\"http:\/\/www.osrasinarira.ro\/licitatii\/Contract_picior_v1.pdf\" target=\"_blank\" rel=\"noreferrer noopener\">Model contract<\/a><\/p>\n\n\n\n<p><a rel=\"noreferrer noopener\" href=\"http:\/\/www.osrasinarira.ro\/licitatii\/Formulare\/Cerere_licit_715.pdf\" target=\"_blank\">Documente \u0219i formulare<\/a><\/p>\n\n\n\n<p><a rel=\"noreferrer noopener\" aria-label=\" (opens in a new tab)\" href=\"http:\/\/www.osrasinarira.ro\/licitatii\/2020\/Feb\/APV_schite_feb_2020.pdf\" target=\"_blank\">APV \u0219i schite<\/a><\/p>\n\n\n\n<p><a rel=\"noreferrer noopener\" aria-label=\" (opens in a new tab)\" href=\"https:\/\/qgiscloud.com\/osrasinari\/februarie_2020_cloud\/?bl=&amp;st=&amp;l=Google%20Hybrid%2Clocalitati%2C6_FF%2C6_toponime%2C6_retea_hidro1%2C6_drumuri%2C6_culmi%2C6_borne%2C5_FF%2C5_toponime%2C5_retea_hidro2%2C5_retea_hidro1%2C5_drumuri%2C5_culmi%2C5_borne%2CAPV_feb_wgs_2020%2CAPV_feb_2020%20Platforma_feb_2020&amp;t=februarie_2020_cloud&amp;e=2659222%2C5715768%2C2679542%2C5726023\" target=\"_blank\">Harta silvic\u0103<\/a><\/p>\n\n\n\n<p>Amplasare parchet&nbsp;<a href=\"http:\/\/www.osrasinarira.ro\/licitatii\/2020\/Feb\/APV_feb_2020.kml\" target=\"_blank\" rel=\"noreferrer noopener\" aria-label=\" (opens in a new tab)\">(kml)<\/a><\/p>\n\n\n\n<p>Amplasare platforma&nbsp;(<a href=\"http:\/\/www.osrasinarira.ro\/licitatii\/2020\/Feb\/Platforma_feb_2020.kml\" target=\"_blank\" rel=\"noreferrer noopener\" aria-label=\" (opens in a new tab)\">kml<\/a>)<\/p>\n\n\n\n<p>Fi\u0219ierele kml se pot utiliza cu aplica\u021bia <a href=\"https:\/\/play.google.com\/store\/apps\/details?id=menion.android.locus&amp;referrer=utm_source%3Dlocusmapeu%26utm_medium%3Ddownloadbutton%26utm_content%3Ddownload\">Locus Map<\/a> sau <a href=\"https:\/\/play.google.com\/store\/apps\/details?id=com.google.earth\">Google Earth<\/a><\/p>\n\n\n<p><!--EndFragment--><\/p>\n\n\n<p><a href=\"http:\/\/www.osrasinarira.ro\/licitatii\/2020\/Feb\/PV_preselectie_feb_2020.pdf\" target=\"_blank\" rel=\"noreferrer noopener\" aria-label=\"Procesul verbal al \u0219edintei de preselec\u021bie (opens in a new tab)\">Procesul verbal al \u0219edintei de preselec\u021bie<\/a><\/p>\n","protected":false},"excerpt":{"rendered":"<p>Ocolul Silvic R\u0103\u0219inari RA, cu sediul \u00een comuna R\u0103\u0219inari, str. O.Goga, nr. 1687, tel. \/ fax 0269557779, anun\u021b\u0103 organizarea \u00een data de 17.02.2020, la sediul propriu licita\u021bie public\u0103 deschis\u0103 \u00een plic pentru masa lemnoas\u0103 \u201cpe picior\u201d. Anun\u021b licita\u021bie mas\u0103 lemnoas\u0103 pe \u201cpicior\u201d Caietul de sarcini Lista de partizi Model contract Documente \u0219i formulare APV \u0219i &hellip; <\/p>\n<p class=\"link-more\"><a href=\"http:\/\/www.osrasinarira.ro\/blog\/licitatie-masa-lemnoasa-pe-picior-din-17-02-2020\/\" class=\"more-link\">Continue reading<span class=\"screen-reader-text\"> &#8220;Licita\u021bie mas\u0103 lemnoas\u0103 &#8220;pe picior&#8221; din 17.02.2020&#8243;<\/span><\/a><\/p>\n","protected":false},"author":1,"featured_media":0,"parent":0,"menu_order":0,"comment_status":"closed","ping_status":"closed","template":"","meta":{"footnotes":""},"_links":{"self":[{"href":"http:\/\/www.osrasinarira.ro\/blog\/wp-json\/wp\/v2\/pages\/809"}],"collection":[{"href":"http:\/\/www.osrasinarira.ro\/blog\/wp-json\/wp\/v2\/pages"}],"about":[{"href":"http:\/\/www.osrasinarira.ro\/blog\/wp-json\/wp\/v2\/types\/page"}],"author":[{"embeddable":true,"href":"http:\/\/www.osrasinarira.ro\/blog\/wp-json\/wp\/v2\/users\/1"}],"replies":[{"embeddable":true,"href":"http:\/\/www.osrasinarira.ro\/blog\/wp-json\/wp\/v2\/comments?post=809"}],"version-history":[{"count":4,"href":"http:\/\/www.osrasinarira.ro\/blog\/wp-json\/wp\/v2\/pages\/809\/revisions"}],"predecessor-version":[{"id":820,"href":"http:\/\/www.osrasinarira.ro\/blog\/wp-json\/wp\/v2\/pages\/809\/revisions\/820"}],"wp:attachment":[{"href":"http:\/\/www.osrasinarira.ro\/blog\/wp-json\/wp\/v2\/media?parent=809"}],"curies":[{"name":"wp","href":"https:\/\/api.w.org\/{rel}","templated":true}]}}