{"id":238,"date":"2018-02-22T14:52:47","date_gmt":"2018-02-22T12:52:47","guid":{"rendered":"http:\/\/www.osrasinarira.ro\/blog\/?page_id=238"},"modified":"2023-08-04T12:19:59","modified_gmt":"2023-08-04T10:19:59","slug":"despre-noi","status":"publish","type":"page","link":"http:\/\/www.osrasinarira.ro\/blog\/despre-noi\/","title":{"rendered":"Despre noi"},"content":{"rendered":"<p>Dupa aparitia legii 1\/2000 privind reconstituirea dreptului de proprietate, precum si dupa obtinerea titlurilor de proprietate, comunitatea locala din Rasinari si-a manifestat dorinta de reconstituire a Ocolului Silvic Rasinari, care a functionat p\u00e2na \u00een anul 1948, c\u00e2nd padurile au fost nationalizate.<br \/>\nA fost o zi istorica pentru Rasinari ziua de 20.09.2004 c\u00e2nd s-a obtinut Avizul nr. 7 pentru constituirea structurii silvice &#8221; Ocolul Silvic Rasinari R.A.&#8221; din partea Directiei Teritoriale de Regim Silvic si de V\u00e2natoare Brasov si Autorizatia de functionare nr. 84 din partea Directiei de Regim Silvic din cadrul Ministerului Agriculturii Padurilor si Dezvoltarii Rurale.<br \/>\nSuprafata administrata este de 9 966,3 ha constituita \u00een trei unitati de productie: UP V Oncesti, UP VI Rasinari si UP VII Canaia. Administrarea se realizeaza prin doua districte coordonate de doi ingineri silvici (sefi de district) si 10 cantoane silvice. Conducerea Regiei Publice Locale &#8221;Ocolul Silvic Rasinari R.A.&#8221; este asigurata de Consiliul de Administrare si seful de ocol.<br \/>\nOcolul Silvic Rasinari are ca scop administrarea si gospodarirea eficienta, durabila si unitara, \u00een conformitate cu prevederile amenajamentului silvic si ale normelor de regim silvic, a fondului forestier proprietate publica si privata a comunei Rasinari, \u00een vederea realizari de venituri proprii, a exploatarii judicioase a padurilor si a \u00eembunatatirii conditiilor de mediu, precum si implementarea programelor de dezvoltare locala, regionala si nationala.<\/p>\n","protected":false},"excerpt":{"rendered":"<p>Dupa aparitia legii 1\/2000 privind reconstituirea dreptului de proprietate, precum si dupa obtinerea titlurilor de proprietate, comunitatea locala din Rasinari si-a manifestat dorinta de reconstituire a Ocolului Silvic Rasinari, care a functionat p\u00e2na \u00een anul 1948, c\u00e2nd padurile au fost nationalizate. A fost o zi istorica pentru Rasinari ziua de 20.09.2004 c\u00e2nd s-a obtinut Avizul &hellip; <\/p>\n<p class=\"link-more\"><a href=\"http:\/\/www.osrasinarira.ro\/blog\/despre-noi\/\" class=\"more-link\">Continue reading<span class=\"screen-reader-text\"> &#8220;Despre noi&#8221;<\/span><\/a><\/p>\n","protected":false},"author":1,"featured_media":0,"parent":0,"menu_order":0,"comment_status":"closed","ping_status":"closed","template":"","meta":{"footnotes":""},"_links":{"self":[{"href":"http:\/\/www.osrasinarira.ro\/blog\/wp-json\/wp\/v2\/pages\/238"}],"collection":[{"href":"http:\/\/www.osrasinarira.ro\/blog\/wp-json\/wp\/v2\/pages"}],"about":[{"href":"http:\/\/www.osrasinarira.ro\/blog\/wp-json\/wp\/v2\/types\/page"}],"author":[{"embeddable":true,"href":"http:\/\/www.osrasinarira.ro\/blog\/wp-json\/wp\/v2\/users\/1"}],"replies":[{"embeddable":true,"href":"http:\/\/www.osrasinarira.ro\/blog\/wp-json\/wp\/v2\/comments?post=238"}],"version-history":[{"count":8,"href":"http:\/\/www.osrasinarira.ro\/blog\/wp-json\/wp\/v2\/pages\/238\/revisions"}],"predecessor-version":[{"id":1339,"href":"http:\/\/www.osrasinarira.ro\/blog\/wp-json\/wp\/v2\/pages\/238\/revisions\/1339"}],"wp:attachment":[{"href":"http:\/\/www.osrasinarira.ro\/blog\/wp-json\/wp\/v2\/media?parent=238"}],"curies":[{"name":"wp","href":"https:\/\/api.w.org\/{rel}","templated":true}]}}