{"id":1395,"date":"2023-11-28T13:46:27","date_gmt":"2023-11-28T11:46:27","guid":{"rendered":"http:\/\/www.osrasinarira.ro\/blog\/?page_id=1395"},"modified":"2024-02-02T13:04:30","modified_gmt":"2024-02-02T11:04:30","slug":"licitatie-masa-lemnoasa-fasonata-la-drum-auto-08-12-2023","status":"publish","type":"page","link":"http:\/\/www.osrasinarira.ro\/blog\/licitatie-masa-lemnoasa-fasonata-la-drum-auto-08-12-2023\/","title":{"rendered":"Licitatie masa lemnoasa fasonata la drum auto 08.12.2023"},"content":{"rendered":"\n<p>Ocolul Silvic R\u0103\u0219inari RA, cu sediul \u00een comuna R\u0103\u0219inari, str. O.Goga, nr. 1687, tel. \/ fax 0269557779, anun\u021b\u0103 organizarea \u00een data de 08.12.2023, la sediul propriu licita\u021bie public\u0103 deschis\u0103 \u00een plic pentru lemn fasonat la drum auto.<\/p>\n\n\n\n<p><a href=\"http:\/\/www.osrasinarira.ro\/licitatii\/2023\/Decembrie_fasonat\/Anunt_decembrie.pdf\">Anun\u021b licita\u021bie<\/a><\/p>\n\n\n\n<p><a href=\"http:\/\/www.osrasinarira.ro\/licitatii\/2023\/Decembrie_fasonat\/Lista_decembrie.pdf\">List\u0103 loturi<\/a><\/p>\n\n\n\n<p><a href=\"http:\/\/www.osrasinarira.ro\/licitatii\/2023\/Decembrie_fasonat\/CSB.pdf\">Caiet de sarcini<\/a><\/p>\n\n\n\n<p><a href=\"http:\/\/www.osrasinarira.ro\/licitatii\/2023\/Iulie_fasonat\/Formularul_1_2_3.pdf\">Documente \u0219i formulare<\/a><\/p>\n\n\n\n<p><a href=\"http:\/\/www.osrasinarira.ro\/licitatii\/2023\/Iulie_fasonat\/Contract_fasonat.pdf\">Model contract<\/a><\/p>\n\n\n\n<p>Puncte de livrare<\/p>\n\n\n\n<p><a href=\"http:\/\/www.osrasinarira.ro\/licitatii\/2023\/Decembrie_fasonat\/Licitatie_fasonat_Decembrie_2023.kmz\">KML<\/a><\/p>\n\n\n\n<p>Fi\u0219ierele kml se pot utiliza cu aplica\u021bia&nbsp;<a href=\"https:\/\/play.google.com\/store\/apps\/details?id=menion.android.locus&amp;referrer=utm_source%3Dlocusmapeu%26utm_medium%3Ddownloadbutton%26utm_content%3Ddownload\">Locus Map<\/a>&nbsp;sau&nbsp;<a href=\"https:\/\/play.google.com\/store\/apps\/details?id=com.google.earth\">Google Earth<\/a><\/p>\n\n\n\n<p><a href=\"http:\/\/www.osrasinarira.ro\/licitatii\/2023\/Decembrie_fasonat\/PV_preselectie.pdf\">Proces verbal de preselectie<\/a><\/p>\n\n\n\n<p><a href=\"http:\/\/www.osrasinarira.ro\/licitatii\/2023\/Decembrie_fasonat\/PV_licitatie.pdf\">Proces verbal de licitatie<\/a><\/p>\n","protected":false},"excerpt":{"rendered":"<p>Ocolul Silvic R\u0103\u0219inari RA, cu sediul \u00een comuna R\u0103\u0219inari, str. O.Goga, nr. 1687, tel. \/ fax 0269557779, anun\u021b\u0103 organizarea \u00een data de 08.12.2023, la sediul propriu licita\u021bie public\u0103 deschis\u0103 \u00een plic pentru lemn fasonat la drum auto. Anun\u021b licita\u021bie List\u0103 loturi Caiet de sarcini Documente \u0219i formulare Model contract Puncte de livrare KML Fi\u0219ierele kml &hellip; <\/p>\n<p class=\"link-more\"><a href=\"http:\/\/www.osrasinarira.ro\/blog\/licitatie-masa-lemnoasa-fasonata-la-drum-auto-08-12-2023\/\" class=\"more-link\">Continue reading<span class=\"screen-reader-text\"> &#8220;Licitatie masa lemnoasa fasonata la drum auto 08.12.2023&#8221;<\/span><\/a><\/p>\n","protected":false},"author":1,"featured_media":0,"parent":0,"menu_order":0,"comment_status":"closed","ping_status":"closed","template":"","meta":{"footnotes":""},"_links":{"self":[{"href":"http:\/\/www.osrasinarira.ro\/blog\/wp-json\/wp\/v2\/pages\/1395"}],"collection":[{"href":"http:\/\/www.osrasinarira.ro\/blog\/wp-json\/wp\/v2\/pages"}],"about":[{"href":"http:\/\/www.osrasinarira.ro\/blog\/wp-json\/wp\/v2\/types\/page"}],"author":[{"embeddable":true,"href":"http:\/\/www.osrasinarira.ro\/blog\/wp-json\/wp\/v2\/users\/1"}],"replies":[{"embeddable":true,"href":"http:\/\/www.osrasinarira.ro\/blog\/wp-json\/wp\/v2\/comments?post=1395"}],"version-history":[{"count":4,"href":"http:\/\/www.osrasinarira.ro\/blog\/wp-json\/wp\/v2\/pages\/1395\/revisions"}],"predecessor-version":[{"id":1413,"href":"http:\/\/www.osrasinarira.ro\/blog\/wp-json\/wp\/v2\/pages\/1395\/revisions\/1413"}],"wp:attachment":[{"href":"http:\/\/www.osrasinarira.ro\/blog\/wp-json\/wp\/v2\/media?parent=1395"}],"curies":[{"name":"wp","href":"https:\/\/api.w.org\/{rel}","templated":true}]}}