{"id":1391,"date":"2023-11-28T13:39:03","date_gmt":"2023-11-28T11:39:03","guid":{"rendered":"http:\/\/www.osrasinarira.ro\/blog\/?page_id=1391"},"modified":"2024-01-30T12:38:20","modified_gmt":"2024-01-30T10:38:20","slug":"licitatie-masa-lemnoasa-pe-picior-din-data-de-08-12-2023","status":"publish","type":"page","link":"http:\/\/www.osrasinarira.ro\/blog\/licitatie-masa-lemnoasa-pe-picior-din-data-de-08-12-2023\/","title":{"rendered":"Licitatie masa lemnoasa pe picior din data de 08.12.2023"},"content":{"rendered":"\n<p>Ocolul Silvic R\u0103\u0219inari RA, cu sediul \u00een comuna R\u0103\u0219inari, str. O.Goga, nr. 1687, tel. \/ fax 0269557779, anun\u021b\u0103 organizarea \u00een data de 08.12.2023, la sediul propriu licita\u021bie public\u0103 deschis\u0103 \u00een plic pentru mas\u0103 lemnoas\u0103 &#8220;pe picior&#8221;.<\/p>\n\n\n\n<p><a href=\"http:\/\/www.osrasinarira.ro\/licitatii\/2023\/Decembrie\/Anunt_decembrie.pdf\">Anun\u021b licitatie<\/a><\/p>\n\n\n\n<p><a href=\"http:\/\/www.osrasinarira.ro\/licitatii\/2023\/Decembrie\/Lista_decembrie.pdf\">List\u0103  partizi<\/a><\/p>\n\n\n\n<p><a href=\"http:\/\/www.osrasinarira.ro\/licitatii\/2023\/Decembrie\/APV_schite.pdf\">APV si schi\u021be<\/a><\/p>\n\n\n\n<p><a href=\"http:\/\/www.osrasinarira.ro\/licitatii\/2023\/Decembrie\/CSB.pdf\">Caiet de sarcini<\/a><\/p>\n\n\n\n<p><a href=\"http:\/\/www.osrasinarira.ro\/licitatii\/2023\/Decembrie\/Formularul_1_2_3.pdf\">Documente \u0219i formulare<\/a><\/p>\n\n\n\n<p><a href=\"http:\/\/www.osrasinarira.ro\/licitatii\/2023\/Decembrie\/Contract_model.pdf\">Model contract<\/a><\/p>\n\n\n\n<p><a href=\"http:\/\/www.osrasinarira.ro\/licitatii\/2023\/Decembrie\/Harta_silvica.pdf\">Harta silvic\u0103<\/a><\/p>\n\n\n\n<p>Amplasare parchet (<a href=\"http:\/\/www.osrasinarira.ro\/licitatii\/2023\/Decembrie\/APV_licitatie_Decembrie_2023.kml\">KML<\/a>)<\/p>\n\n\n\n<p class=\"has-text-align-center\">Fi\u0219ierele kml se pot utiliza cu aplica\u021bia&nbsp;<a href=\"https:\/\/play.google.com\/store\/apps\/details?id=menion.android.locus&amp;referrer=utm_source%3Dlocusmapeu%26utm_medium%3Ddownloadbutton%26utm_content%3Ddownload\">Locus Map<\/a>&nbsp;sau&nbsp;<a href=\"https:\/\/play.google.com\/store\/apps\/details?id=com.google.earth\">Google Earth<\/a><\/p>\n\n\n\n<p><a href=\"http:\/\/www.osrasinarira.ro\/licitatii\/2023\/Decembrie\/PV_preselectie.pdf\">Proces verbal de preselectie<\/a><\/p>\n\n\n\n<p><a href=\"http:\/\/www.osrasinarira.ro\/licitatii\/2023\/Decembrie\/PV_licitatie_masa_lemnoasa_pe_picior.pdf\">Proces verbal de licitatie<\/a><\/p>\n","protected":false},"excerpt":{"rendered":"<p>Ocolul Silvic R\u0103\u0219inari RA, cu sediul \u00een comuna R\u0103\u0219inari, str. O.Goga, nr. 1687, tel. \/ fax 0269557779, anun\u021b\u0103 organizarea \u00een data de 08.12.2023, la sediul propriu licita\u021bie public\u0103 deschis\u0103 \u00een plic pentru mas\u0103 lemnoas\u0103 &#8220;pe picior&#8221;. Anun\u021b licitatie List\u0103 partizi APV si schi\u021be Caiet de sarcini Documente \u0219i formulare Model contract Harta silvic\u0103 Amplasare parchet &hellip; <\/p>\n<p class=\"link-more\"><a href=\"http:\/\/www.osrasinarira.ro\/blog\/licitatie-masa-lemnoasa-pe-picior-din-data-de-08-12-2023\/\" class=\"more-link\">Continue reading<span class=\"screen-reader-text\"> &#8220;Licitatie masa lemnoasa pe picior din data de 08.12.2023&#8221;<\/span><\/a><\/p>\n","protected":false},"author":1,"featured_media":0,"parent":0,"menu_order":0,"comment_status":"closed","ping_status":"closed","template":"","meta":{"footnotes":""},"_links":{"self":[{"href":"http:\/\/www.osrasinarira.ro\/blog\/wp-json\/wp\/v2\/pages\/1391"}],"collection":[{"href":"http:\/\/www.osrasinarira.ro\/blog\/wp-json\/wp\/v2\/pages"}],"about":[{"href":"http:\/\/www.osrasinarira.ro\/blog\/wp-json\/wp\/v2\/types\/page"}],"author":[{"embeddable":true,"href":"http:\/\/www.osrasinarira.ro\/blog\/wp-json\/wp\/v2\/users\/1"}],"replies":[{"embeddable":true,"href":"http:\/\/www.osrasinarira.ro\/blog\/wp-json\/wp\/v2\/comments?post=1391"}],"version-history":[{"count":4,"href":"http:\/\/www.osrasinarira.ro\/blog\/wp-json\/wp\/v2\/pages\/1391\/revisions"}],"predecessor-version":[{"id":1409,"href":"http:\/\/www.osrasinarira.ro\/blog\/wp-json\/wp\/v2\/pages\/1391\/revisions\/1409"}],"wp:attachment":[{"href":"http:\/\/www.osrasinarira.ro\/blog\/wp-json\/wp\/v2\/media?parent=1391"}],"curies":[{"name":"wp","href":"https:\/\/api.w.org\/{rel}","templated":true}]}}