{"id":1379,"date":"2023-11-06T14:16:38","date_gmt":"2023-11-06T12:16:38","guid":{"rendered":"http:\/\/www.osrasinarira.ro\/blog\/?page_id=1379"},"modified":"2023-11-06T14:21:08","modified_gmt":"2023-11-06T12:21:08","slug":"anunt-decizie-etapa-de-incadrare-amenajament-up-v-oncesti","status":"publish","type":"page","link":"http:\/\/www.osrasinarira.ro\/blog\/anunt-decizie-etapa-de-incadrare-amenajament-up-v-oncesti\/","title":{"rendered":"Anunt decizie etapa de incadrare- Amenajament UP V Once\u0219ti"},"content":{"rendered":"\n<p>Ocolul Silvic R\u0103\u015finari, cu sediul \u00een localitatea R\u0103\u015finari, str. Octavian Goga, nr. 1987, jud. Sibiu, &nbsp;aduce la cuno\u0219tin\u021ba publicului urm\u0103torul anun\u021b:<\/p>\n\n\n\n<p><em>,, Agen\u021bia pentru Protec\u021bia Mediului Sibiu anun\u021b\u0103 publicul interesat asupra deciziei etapei de \u00eencadrare a <strong>Amenajamentului silvic al fondului forestier proprietate public\u0103 apar\u021bin\u00e2nd  comunei R\u0103\u0219inari &#8211; UP V Once\u0219ti<\/strong>, jude\u021bul Sibiu, \u00een categoria celor care  necesit\u0103   efectuarea evalu\u0103rii de mediu. Planul urmeaz\u0103 a fi supus adopt\u0103rii cu aviz de mediu, conform prevederilor H.G. nr. 1076\/2004. Motiva\u021bia deciziei etapei de \u00eencadrare se g\u0103se\u0219te pe pagina <a href=\"http:\/\/apmsb.anpm.ro\">http:\/\/apmsb.anpm.ro<\/a>.<\/em><\/p>\n\n\n\n<p><em>Observa\u021biile, publicului se primesc zilnic \u00een scris pe e-mail-ul &nbsp;Agen\u021biei pentru Protec\u021bia Mediului &nbsp;Sibiu: <u><a href=\"mailto:office@apmsb.anpm.ro\">office@apmsb.anpm.ro<\/a><\/u>, \u00een termen de 10 zile calendaristice, de la data apari\u021biei anun\u021bului\u201d.<\/em><\/p>\n\n\n\n<p><a href=\"http:\/\/www.osrasinarira.ro\/Mediu\/UP_5\/APM_Decizie_anunt_UP_V_Oncesti.pdf\">Anunt A.P.M.,consultare public\u0103<\/a><\/p>\n","protected":false},"excerpt":{"rendered":"<p>Ocolul Silvic R\u0103\u015finari, cu sediul \u00een localitatea R\u0103\u015finari, str. Octavian Goga, nr. 1987, jud. Sibiu, &nbsp;aduce la cuno\u0219tin\u021ba publicului urm\u0103torul anun\u021b: ,, Agen\u021bia pentru Protec\u021bia Mediului Sibiu anun\u021b\u0103 publicul interesat asupra deciziei etapei de \u00eencadrare a Amenajamentului silvic al fondului forestier proprietate public\u0103 apar\u021bin\u00e2nd comunei R\u0103\u0219inari &#8211; UP V Once\u0219ti, jude\u021bul Sibiu, \u00een categoria celor &hellip; <\/p>\n<p class=\"link-more\"><a href=\"http:\/\/www.osrasinarira.ro\/blog\/anunt-decizie-etapa-de-incadrare-amenajament-up-v-oncesti\/\" class=\"more-link\">Continue reading<span class=\"screen-reader-text\"> &#8220;Anunt decizie etapa de incadrare- Amenajament UP V Once\u0219ti&#8221;<\/span><\/a><\/p>\n","protected":false},"author":1,"featured_media":0,"parent":0,"menu_order":0,"comment_status":"closed","ping_status":"closed","template":"","meta":{"footnotes":""},"_links":{"self":[{"href":"http:\/\/www.osrasinarira.ro\/blog\/wp-json\/wp\/v2\/pages\/1379"}],"collection":[{"href":"http:\/\/www.osrasinarira.ro\/blog\/wp-json\/wp\/v2\/pages"}],"about":[{"href":"http:\/\/www.osrasinarira.ro\/blog\/wp-json\/wp\/v2\/types\/page"}],"author":[{"embeddable":true,"href":"http:\/\/www.osrasinarira.ro\/blog\/wp-json\/wp\/v2\/users\/1"}],"replies":[{"embeddable":true,"href":"http:\/\/www.osrasinarira.ro\/blog\/wp-json\/wp\/v2\/comments?post=1379"}],"version-history":[{"count":1,"href":"http:\/\/www.osrasinarira.ro\/blog\/wp-json\/wp\/v2\/pages\/1379\/revisions"}],"predecessor-version":[{"id":1380,"href":"http:\/\/www.osrasinarira.ro\/blog\/wp-json\/wp\/v2\/pages\/1379\/revisions\/1380"}],"wp:attachment":[{"href":"http:\/\/www.osrasinarira.ro\/blog\/wp-json\/wp\/v2\/media?parent=1379"}],"curies":[{"name":"wp","href":"https:\/\/api.w.org\/{rel}","templated":true}]}}