{"id":1373,"date":"2023-10-03T12:32:18","date_gmt":"2023-10-03T10:32:18","guid":{"rendered":"http:\/\/www.osrasinarira.ro\/blog\/?page_id=1373"},"modified":"2023-10-03T12:32:19","modified_gmt":"2023-10-03T10:32:19","slug":"decizia-etapei-de-incadrare-amenajament-up-vi-rasinari","status":"publish","type":"page","link":"http:\/\/www.osrasinarira.ro\/blog\/decizia-etapei-de-incadrare-amenajament-up-vi-rasinari\/","title":{"rendered":"Decizia etapei de \u00eencadrare- Amenajament UP VI R\u0103\u0219inari"},"content":{"rendered":"\n<p>Ocolul Silvic R\u0103\u015finari, cu sediul \u00een localitatea R\u0103\u015finari, str. Octavian Goga, nr. 1987, jud. Sibiu, \u00a0aduce la cuno\u0219tin\u021ba publicului urm\u0103torul anun\u021b:<\/p>\n\n\n\n<p><em>,, Agen\u021bia pentru Protec\u021bia Mediului Sibiu, anun\u021b\u0103 publicul interesat asupra deciziei etapei de \u00eencadrare a <strong>Amenajamentului silvic al fondului forestier proprietate public\u0103 apar\u021bin\u00e2nd comunei R\u0103\u0219inari &#8211; UP VI R\u0103\u0219inari<\/strong>, jude\u021bul Sibiu, \u00een categoria celor care nu necesit\u0103 evaluare de mediu, nu necesit\u0103 evaluare adecvat\u0103 \u0219i se va supune adopt\u0103rii f\u0103r\u0103 aviz de mediu, conform prevederilor H.G. nr. 1076\/2004. Decizia etapei de \u00eencadrare se g\u0103se\u0219te pe pagina <a href=\"http:\/\/apmsb.anpm.ro\">http:\/\/apmsb.anpm.ro<\/a>.\u201d.<\/em><\/p>\n\n\n\n<p><a href=\"http:\/\/www.osrasinarira.ro\/Mediu\/UP_6\/Decizia_etapei_de_incadrare_UP_VI_Rasinari.pdf\">Decizia etapei de \u00eencadrare, UP VI R\u0103\u0219inari<\/a><\/p>\n","protected":false},"excerpt":{"rendered":"<p>Ocolul Silvic R\u0103\u015finari, cu sediul \u00een localitatea R\u0103\u015finari, str. Octavian Goga, nr. 1987, jud. Sibiu, \u00a0aduce la cuno\u0219tin\u021ba publicului urm\u0103torul anun\u021b: ,, Agen\u021bia pentru Protec\u021bia Mediului Sibiu, anun\u021b\u0103 publicul interesat asupra deciziei etapei de \u00eencadrare a Amenajamentului silvic al fondului forestier proprietate public\u0103 apar\u021bin\u00e2nd comunei R\u0103\u0219inari &#8211; UP VI R\u0103\u0219inari, jude\u021bul Sibiu, \u00een categoria celor &hellip; <\/p>\n<p class=\"link-more\"><a href=\"http:\/\/www.osrasinarira.ro\/blog\/decizia-etapei-de-incadrare-amenajament-up-vi-rasinari\/\" class=\"more-link\">Continue reading<span class=\"screen-reader-text\"> &#8220;Decizia etapei de \u00eencadrare- Amenajament UP VI R\u0103\u0219inari&#8221;<\/span><\/a><\/p>\n","protected":false},"author":1,"featured_media":0,"parent":0,"menu_order":0,"comment_status":"closed","ping_status":"closed","template":"","meta":{"footnotes":""},"_links":{"self":[{"href":"http:\/\/www.osrasinarira.ro\/blog\/wp-json\/wp\/v2\/pages\/1373"}],"collection":[{"href":"http:\/\/www.osrasinarira.ro\/blog\/wp-json\/wp\/v2\/pages"}],"about":[{"href":"http:\/\/www.osrasinarira.ro\/blog\/wp-json\/wp\/v2\/types\/page"}],"author":[{"embeddable":true,"href":"http:\/\/www.osrasinarira.ro\/blog\/wp-json\/wp\/v2\/users\/1"}],"replies":[{"embeddable":true,"href":"http:\/\/www.osrasinarira.ro\/blog\/wp-json\/wp\/v2\/comments?post=1373"}],"version-history":[{"count":1,"href":"http:\/\/www.osrasinarira.ro\/blog\/wp-json\/wp\/v2\/pages\/1373\/revisions"}],"predecessor-version":[{"id":1374,"href":"http:\/\/www.osrasinarira.ro\/blog\/wp-json\/wp\/v2\/pages\/1373\/revisions\/1374"}],"wp:attachment":[{"href":"http:\/\/www.osrasinarira.ro\/blog\/wp-json\/wp\/v2\/media?parent=1373"}],"curies":[{"name":"wp","href":"https:\/\/api.w.org\/{rel}","templated":true}]}}