{"id":1256,"date":"2022-12-20T13:59:54","date_gmt":"2022-12-20T11:59:54","guid":{"rendered":"http:\/\/www.osrasinarira.ro\/blog\/?page_id=1256"},"modified":"2022-12-27T15:45:03","modified_gmt":"2022-12-27T13:45:03","slug":"licitatie-masa-lemnoasa-pe-picior-din-data-de-30-12-2022","status":"publish","type":"page","link":"http:\/\/www.osrasinarira.ro\/blog\/licitatie-masa-lemnoasa-pe-picior-din-data-de-30-12-2022\/","title":{"rendered":"Licita\u021bie mas\u0103 lemnoas\u0103 pe picior din data de 30.12.2022"},"content":{"rendered":"\n<p> <p>Ocolul Silvic R\u0103\u0219inari RA, cu sediul \u00een comuna R\u0103\u0219inari, str. O.Goga, nr. 1687, tel. \/ fax 0269557779, anun\u021b\u0103 organizarea \u00een data de 30.12.2022, la sediul propriu licita\u021bie public\u0103 deschis\u0103 \u00een plic pentru mas\u0103 lemnoas\u0103 &#8220;pe picior&#8221;.<\/p>   <p><a href=\"http:\/\/www.osrasinarira.ro\/licitatii\/2022\/Decembrie\/Anunt_decembrie.pdf\">Anun\u021b licitatie<\/a><\/p>   <p><a href=\"http:\/\/www.osrasinarira.ro\/licitatii\/2022\/Decembrie\/Lista.pdf\">List\u0103 partizi<\/a><\/p>   <p><a href=\"http:\/\/www.osrasinarira.ro\/licitatii\/2022\/Decembrie\/APV_schite.pdf\">APV si schi\u021be<\/a><\/p>   <p><a href=\"http:\/\/www.osrasinarira.ro\/licitatii\/2022\/Decembrie\/CSB.pdf\">Caiet de sarcini<\/a><\/p>   <p><a href=\"http:\/\/www.osrasinarira.ro\/licitatii\/2022\/Decembrie\/Formularul_1_2_3.pdf\">Documente \u0219i formulare<\/a><\/p>   <p><a href=\"http:\/\/www.osrasinarira.ro\/licitatii\/2022\/Decembrie\/Contract_model.pdf\">Model contract<\/a><\/p>   <p><a href=\"http:\/\/www.osrasinarira.ro\/licitatii\/2022\/Decembrie\/Harta_silvica.pdf\">Harta silvic\u0103<\/a><\/p>   <p>Amplasare parchet (<a href=\"http:\/\/www.osrasinarira.ro\/licitatii\/2022\/Decembrie\/APV_licitatie_decembrie_2022.kml\">KML<\/a>)<\/p>   <p>Fi\u0219ierele kml se pot utiliza cu aplica\u021bia\u00a0<a href=\"https:\/\/play.google.com\/store\/apps\/details?id=menion.android.locus&amp;referrer=utm_source%3Dlocusmapeu%26utm_medium%3Ddownloadbutton%26utm_content%3Ddownload\">Locus Map<\/a>\u00a0sau\u00a0<a href=\"https:\/\/play.google.com\/store\/apps\/details?id=com.google.earth\">Google Earth<\/a><\/p>    <\/p>\n\n\n\n<p><a href=\"http:\/\/www.osrasinarira.ro\/licitatii\/2022\/Decembrie\/PV_preselectie.pdf\">Proces verbal de preselec\u021bie<\/a><\/p>\n","protected":false},"excerpt":{"rendered":"<p>Ocolul Silvic R\u0103\u0219inari RA, cu sediul \u00een comuna R\u0103\u0219inari, str. O.Goga, nr. 1687, tel. \/ fax 0269557779, anun\u021b\u0103 organizarea \u00een data de 30.12.2022, la sediul propriu licita\u021bie public\u0103 deschis\u0103 \u00een plic pentru mas\u0103 lemnoas\u0103 &#8220;pe picior&#8221;. Anun\u021b licitatie List\u0103 partizi APV si schi\u021be Caiet de sarcini Documente \u0219i formulare Model contract Harta silvic\u0103 Amplasare parchet &hellip; <\/p>\n<p class=\"link-more\"><a href=\"http:\/\/www.osrasinarira.ro\/blog\/licitatie-masa-lemnoasa-pe-picior-din-data-de-30-12-2022\/\" class=\"more-link\">Continue reading<span class=\"screen-reader-text\"> &#8220;Licita\u021bie mas\u0103 lemnoas\u0103 pe picior din data de 30.12.2022&#8221;<\/span><\/a><\/p>\n","protected":false},"author":1,"featured_media":0,"parent":0,"menu_order":0,"comment_status":"closed","ping_status":"closed","template":"","meta":{"footnotes":""},"_links":{"self":[{"href":"http:\/\/www.osrasinarira.ro\/blog\/wp-json\/wp\/v2\/pages\/1256"}],"collection":[{"href":"http:\/\/www.osrasinarira.ro\/blog\/wp-json\/wp\/v2\/pages"}],"about":[{"href":"http:\/\/www.osrasinarira.ro\/blog\/wp-json\/wp\/v2\/types\/page"}],"author":[{"embeddable":true,"href":"http:\/\/www.osrasinarira.ro\/blog\/wp-json\/wp\/v2\/users\/1"}],"replies":[{"embeddable":true,"href":"http:\/\/www.osrasinarira.ro\/blog\/wp-json\/wp\/v2\/comments?post=1256"}],"version-history":[{"count":4,"href":"http:\/\/www.osrasinarira.ro\/blog\/wp-json\/wp\/v2\/pages\/1256\/revisions"}],"predecessor-version":[{"id":1265,"href":"http:\/\/www.osrasinarira.ro\/blog\/wp-json\/wp\/v2\/pages\/1256\/revisions\/1265"}],"wp:attachment":[{"href":"http:\/\/www.osrasinarira.ro\/blog\/wp-json\/wp\/v2\/media?parent=1256"}],"curies":[{"name":"wp","href":"https:\/\/api.w.org\/{rel}","templated":true}]}}