{"id":1138,"date":"2021-11-01T15:22:24","date_gmt":"2021-11-01T13:22:24","guid":{"rendered":"http:\/\/www.osrasinarira.ro\/blog\/?page_id=1138"},"modified":"2021-11-09T15:37:55","modified_gmt":"2021-11-09T13:37:55","slug":"licitatie-masa-lemnoasa-pe-picior-din-data-de-12-11-2021","status":"publish","type":"page","link":"http:\/\/www.osrasinarira.ro\/blog\/licitatie-masa-lemnoasa-pe-picior-din-data-de-12-11-2021\/","title":{"rendered":"Licitatie masa lemnoasa pe picior din data de 12.11.2021"},"content":{"rendered":"\n<p>Ocolul Silvic R\u0103\u0219inari RA, cu sediul \u00een comuna R\u0103\u0219inari, str. O.Goga, nr. 1687, tel. \/ fax 0269557779, anun\u021b\u0103 organizarea \u00een data de 12.11.2021, la sediul propriu licita\u021bie public\u0103 deschis\u0103 \u00een plic pentru mas\u0103 lemnoas\u0103 &#8220;pe picior&#8221;.<\/p>\n\n\n\n<p><a href=\"http:\/\/www.osrasinarira.ro\/licitatii\/2021\/Noiembrie\/Anunt.pdf\">Anun\u021b licitatie<\/a><\/p>\n\n\n\n<p><a href=\"http:\/\/www.osrasinarira.ro\/licitatii\/2021\/Noiembrie\/Lista.pdf\">List\u0103 partizi<\/a><\/p>\n\n\n\n<p><a href=\"http:\/\/www.osrasinarira.ro\/licitatii\/2021\/Noiembrie\/APV_schite.pdf\">APV si schi\u021be<\/a><\/p>\n\n\n\n<p><a href=\"http:\/\/www.osrasinarira.ro\/licitatii\/2021\/Noiembrie\/CSB.pdf\">Caiet de sarcini<\/a><\/p>\n\n\n\n<p><a href=\"http:\/\/www.osrasinarira.ro\/licitatii\/2021\/Noiembrie\/Formularul_1_2_3.pdf\">Documente \u0219i formulare<\/a><\/p>\n\n\n\n<p><a href=\"http:\/\/www.osrasinarira.ro\/licitatii\/2021\/Noiembrie\/Contract_model.pdf\">Model contract<\/a><\/p>\n\n\n\n<p><a href=\"http:\/\/www.osrasinarira.ro\/licitatii\/2021\/Noiembrie\/Harta_silvica.pdf\">Harta silvic\u0103<\/a><\/p>\n\n\n\n<p>Amplasare parchet (<a rel=\"noreferrer noopener\" href=\"http:\/\/www.osrasinarira.ro\/licitatii\/2021\/Noiembrie\/APV_licitatie_noiembrie_2021.kml\" target=\"_blank\">KML<\/a>)<\/p>\n\n\n\n<p>                          Fi\u0219ierele kml se pot utiliza cu aplica\u021bia\u00a0<a href=\"https:\/\/play.google.com\/store\/apps\/details?id=menion.android.locus&amp;referrer=utm_source%3Dlocusmapeu%26utm_medium%3Ddownloadbutton%26utm_content%3Ddownload\">Locus Map<\/a>\u00a0sau\u00a0<a href=\"https:\/\/play.google.com\/store\/apps\/details?id=com.google.earth\">Google Earth<\/a><\/p>\n\n\n\n<p><a href=\"http:\/\/www.osrasinarira.ro\/licitatii\/2021\/Noiembrie\/PV_preselectie.pdf\">Proces verbal de preselec\u021bie<\/a><\/p>\n","protected":false},"excerpt":{"rendered":"<p>Ocolul Silvic R\u0103\u0219inari RA, cu sediul \u00een comuna R\u0103\u0219inari, str. O.Goga, nr. 1687, tel. \/ fax 0269557779, anun\u021b\u0103 organizarea \u00een data de 12.11.2021, la sediul propriu licita\u021bie public\u0103 deschis\u0103 \u00een plic pentru mas\u0103 lemnoas\u0103 &#8220;pe picior&#8221;. Anun\u021b licitatie List\u0103 partizi APV si schi\u021be Caiet de sarcini Documente \u0219i formulare Model contract Harta silvic\u0103 Amplasare parchet &hellip; <\/p>\n<p class=\"link-more\"><a href=\"http:\/\/www.osrasinarira.ro\/blog\/licitatie-masa-lemnoasa-pe-picior-din-data-de-12-11-2021\/\" class=\"more-link\">Continue reading<span class=\"screen-reader-text\"> &#8220;Licitatie masa lemnoasa pe picior din data de 12.11.2021&#8221;<\/span><\/a><\/p>\n","protected":false},"author":1,"featured_media":0,"parent":0,"menu_order":0,"comment_status":"closed","ping_status":"closed","template":"","meta":{"footnotes":""},"_links":{"self":[{"href":"http:\/\/www.osrasinarira.ro\/blog\/wp-json\/wp\/v2\/pages\/1138"}],"collection":[{"href":"http:\/\/www.osrasinarira.ro\/blog\/wp-json\/wp\/v2\/pages"}],"about":[{"href":"http:\/\/www.osrasinarira.ro\/blog\/wp-json\/wp\/v2\/types\/page"}],"author":[{"embeddable":true,"href":"http:\/\/www.osrasinarira.ro\/blog\/wp-json\/wp\/v2\/users\/1"}],"replies":[{"embeddable":true,"href":"http:\/\/www.osrasinarira.ro\/blog\/wp-json\/wp\/v2\/comments?post=1138"}],"version-history":[{"count":14,"href":"http:\/\/www.osrasinarira.ro\/blog\/wp-json\/wp\/v2\/pages\/1138\/revisions"}],"predecessor-version":[{"id":1177,"href":"http:\/\/www.osrasinarira.ro\/blog\/wp-json\/wp\/v2\/pages\/1138\/revisions\/1177"}],"wp:attachment":[{"href":"http:\/\/www.osrasinarira.ro\/blog\/wp-json\/wp\/v2\/media?parent=1138"}],"curies":[{"name":"wp","href":"https:\/\/api.w.org\/{rel}","templated":true}]}}