{"id":11,"date":"2016-12-05T13:30:10","date_gmt":"2016-12-05T13:30:10","guid":{"rendered":"http:\/\/www.osrasinarira.ro\/blog\/?page_id=11"},"modified":"2026-02-25T16:43:10","modified_gmt":"2026-02-25T14:43:10","slug":"licitatii-masa-lemnoasa","status":"publish","type":"page","link":"http:\/\/www.osrasinarira.ro\/blog\/main\/licitatii-masa-lemnoasa\/","title":{"rendered":"Licitatii masa lemnoasa"},"content":{"rendered":"<p><a href=\"http:\/\/www.osrasinarira.ro\/blog\/licitatie-masa-lemnoasa-fasonata-la-drum-auto-25-02-2026\/\" target=\"_blank\" rel=\"noopener noreferrer\">Licita\u021bie mas\u0103 lemnoas\u0103 ,,fasonat la drum auto&#8221; in data de 25.02.2026<\/a>(update:25.02.2026)<\/p>\n<p><a href=\"http:\/\/www.osrasinarira.ro\/blog\/licitatie-masa-lemnoasa-pe-picior-in-data-de-25-02-2026\/\" target=\"_blank\" rel=\"noopener noreferrer\">Licita\u021bie mas\u0103 lemnoas\u0103 &#8220;pe picior&#8221; in data de 25.02.2026<\/a> (update: 25.02.2026)<\/p>\n<p><a href=\"http:\/\/www.osrasinarira.ro\/blog\/licitatie-masa-lemnoasa-pe-picior-in-data-de-17-12-2025\/\" target=\"_blank\" rel=\"noopener noreferrer\">Licita\u021bie mas\u0103 lemnoas\u0103 &#8220;pe picior&#8221; in data de 17.12.2025<\/a> (update: 17.12.2025)<\/p>\n<p><a href=\"http:\/\/www.osrasinarira.ro\/blog\/licitatie-masa-lemnoasa-fasonata-la-drum-auto-17-12-2025\/\" target=\"_blank\" rel=\"noopener noreferrer\">Licita\u021bie mas\u0103 lemnoas\u0103 ,,fasonat la drum auto&#8221; in data de 17.12.2025<\/a>(update:17.12.2025)<\/p>\n<p><a href=\"http:\/\/www.osrasinarira.ro\/blog\/licitatie-masa-lemnoasa-fasonata-la-drum-auto-19-08-2025\/\" target=\"_blank\" rel=\"noopener noreferrer\">Licita\u021bie mas\u0103 lemnoas\u0103 ,,fasonat la drum auto&#8221; in data de 19.08.2025<\/a>(update:19.08.2025)<\/p>\n<p><a href=\"http:\/\/www.osrasinarira.ro\/blog\/licitatie-masa-lemnoasa-pe-picior-in-data-de-23-07-2025\/\" target=\"_blank\" rel=\"noopener noreferrer\">Licita\u021bie mas\u0103 lemnoas\u0103 &#8220;pe picior&#8221; in data de 23.07.2025<\/a> (update: 23.07.2025)<\/p>\n<p><a href=\"http:\/\/www.osrasinarira.ro\/blog\/licitatie-masa-lemnoasa-fasonata-la-drum-auto-23-07-2025\/\" target=\"_blank\" rel=\"noopener noreferrer\">Licita\u021bie mas\u0103 lemnoas\u0103 ,,fasonat la drum auto&#8221; in data de 23.07.2025<\/a>(update:23.07.2025)<\/p>\n<p><a href=\"http:\/\/www.osrasinarira.ro\/blog\/licitatie-masa-lemnoasa-fasonata-la-drum-auto-09-05-2025\/\" target=\"_blank\" rel=\"noopener noreferrer\">Licita\u021bie mas\u0103 lemnoas\u0103 ,,fasonat la drum auto&#8221; in data de 09.05.2025<\/a>(update:09.05.2025)<\/p>\n<p><a href=\"http:\/\/www.osrasinarira.ro\/blog\/licitatie-masa-lemnoasa-pe-picior-in-data-de-11-02-2025\/\" target=\"_blank\" rel=\"noopener noreferrer\">Licita\u021bie mas\u0103 lemnoas\u0103 &#8220;pe picior&#8221; in data de 11.02.2025<\/a> (update: 11.02.2025)<\/p>\n<p><a href=\"http:\/\/www.osrasinarira.ro\/blog\/licitatie-masa-lemnoasa-fasonata-la-drum-auto-11-02-2025\/\" target=\"_blank\" rel=\"noopener noreferrer\">Licita\u021bie mas\u0103 lemnoas\u0103 ,,fasonat la drum auto&#8221; in data de 11.02.2025<\/a> (update: 11.02.2025)<\/p>\n<p><a href=\"http:\/\/www.osrasinarira.ro\/blog\/licitatie-masa-lemnoasa-pe-picior-in-data-de-25-10-2024\/\" target=\"_blank\" rel=\"noopener noreferrer\">Licita\u021bie mas\u0103 lemnoas\u0103 &#8220;pe picior&#8221; in data de 25.10.2024<\/a> (update: 25.10.2024)<\/p>\n<p><a href=\"http:\/\/www.osrasinarira.ro\/blog\/licitatie-masa-lemnoasa-fasonata-la-drum-auto-25-10-2024\/\" target=\"_blank\" rel=\"noopener noreferrer\">Licita\u021bie mas\u0103 lemnoas\u0103 fasonat\u0103 la drum auto<\/a> (update: 25.10.2024)<\/p>\n<p><a href=\"http:\/\/www.osrasinarira.ro\/blog\/licitatie-masa-lemnoasa-pe-picior-in-data-de-25-09-2024\/\" target=\"_blank\" rel=\"noopener noreferrer\">Licita\u021bie mas\u0103 lemnoas\u0103 &#8220;pe picior&#8221; in data de 25.09.2024<\/a> (update: 25.09.2024)<\/p>\n<p><a href=\"http:\/\/www.osrasinarira.ro\/blog\/licitatie-masa-lemnoasa-pe-picior-in-data-de-13-08-2024\/\" target=\"_blank\" rel=\"noopener noreferrer\">Licita\u021bie mas\u0103 lemnoas\u0103 &#8220;pe picior&#8221; in data de 13.08.2024<\/a> (update: 13.08.2024)<\/p>\n<p><a href=\"http:\/\/www.osrasinarira.ro\/blog\/licitatie-masa-lemnoasa-pe-picior-din-data-de-13-06-2024\/\" target=\"_blank\" rel=\"noopener noreferrer\">Licita\u021bie mas\u0103 lemnoas\u0103 &#8220;pe picior&#8221; in data de 13.06.2024<\/a> (update: 13.06.2024)<\/p>\n<p><a href=\"http:\/\/www.osrasinarira.ro\/blog\/licitatie-masa-lemnoasa-fasonata-la-drum-auto-27-05-2024\/\" target=\"_blank\" rel=\"noopener noreferrer\">Licita\u021bie mas\u0103 lemnoas\u0103 &#8220;pe picior&#8221; in data de 27.05.2024<\/a> (update: 27.05.2024)<\/p>\n<p><a href=\"http:\/\/www.osrasinarira.ro\/blog\/licitatie-masa-lemnoasa-pe-picior-din-data-de-16-05-2024\/\" target=\"_blank\" rel=\"noopener noreferrer\">Licita\u021bie mas\u0103 lemnoas\u0103 &#8220;pe picior&#8221;<\/a> (update: 16.05.2024)<\/p>\n<p><a href=\"http:\/\/www.osrasinarira.ro\/blog\/licitatie-masa-lemnoasa-fasonata-la-drum-auto-16-05-2024\/\" target=\"_blank\" rel=\"noopener noreferrer\">Licita\u021bie mas\u0103 lemnoas\u0103 fasonat\u0103 la drum auto<\/a> (update: 16.05.2024)<\/p>\n<p><a href=\"http:\/\/www.osrasinarira.ro\/blog\/licitatie-masa-lemnoasa-pe-picior-din-data-de-01-02-2024\/\" target=\"_blank\" rel=\"noopener noreferrer\">Licita\u021bie mas\u0103 lemnoas\u0103 &#8220;pe picior&#8221;<\/a> (update: 02.02.2024)<\/p>\n<p><a href=\"http:\/\/www.osrasinarira.ro\/blog\/licitatie-masa-lemnoasa-pe-picior-din-data-de-08-12-2023\/\" target=\"_blank\" rel=\"noopener noreferrer\">Licita\u021bie mas\u0103 lemnoas\u0103 &#8220;pe picior&#8221;<\/a> (update: 06.12.2023)<\/p>\n<p><a href=\"http:\/\/www.osrasinarira.ro\/blog\/licitatie-masa-lemnoasa-fasonata-la-drum-auto-08-12-2023\/\" target=\"_blank\" rel=\"noopener noreferrer\">Licita\u021bie mas\u0103 lemnoas\u0103 fasonat\u0103 la drum auto<\/a> (update: 06.12.2023)<\/p>\n<p><a href=\"http:\/\/www.osrasinarira.ro\/blog\/licitatie-masa-lemnoasa-pe-picior-din-data-de-15-09-2023\/\" target=\"_blank\" rel=\"noopener noreferrer\">Licita\u021bie mas\u0103 lemnoas\u0103 &#8220;pe picior&#8221;<\/a> (update: 15.09.2023)<\/p>\n<p><a href=\"http:\/\/www.osrasinarira.ro\/blog\/licitatie-masa-lemnoasa-fasonata-la-drum-auto-07-07-2023\/\" target=\"_blank\" rel=\"noopener noreferrer\">Licita\u021bie mas\u0103 lemnoas\u0103 fasonat\u0103 la drum auto<\/a> (update: 03.07.2023)<\/p>\n<p><a href=\"http:\/\/www.osrasinarira.ro\/blog\/licitatie-masa-lemnoasa-pe-picior-din-data-de-07-07-2023\/\" target=\"_blank\" rel=\"noopener noreferrer\">Licita\u021bie mas\u0103 lemnoas\u0103 &#8220;pe picior&#8221;<\/a> (update: 03.07.2023)<\/p>\n<p><a href=\"http:\/\/www.osrasinarira.ro\/blog\/licitatie-masa-lemnoasa-fasonata-la-drum-auto-23-06-2023\/\" target=\"_blank\" rel=\"noopener noreferrer\">Licita\u021bie mas\u0103 lemnoas\u0103 fasonat\u0103 la drum auto<\/a> (update: 23.06.2023)<\/p>\n<p><a href=\"http:\/\/www.osrasinarira.ro\/blog\/licitatie-masa-lemnoasa-fasonata-02-06-2023\/\" target=\"_blank\" rel=\"noopener noreferrer\">Licita\u021bie mas\u0103 lemnoas\u0103 fasonat\u0103 la drum auto<\/a> (update: 29.05.2023)<\/p>\n<p><a href=\"http:\/\/www.osrasinarira.ro\/blog\/licitatie-masa-lemnoasa-pe-picior-din-data-de-30-12-2022\/\" target=\"_blank\" rel=\"noopener noreferrer\">Licita\u021bie mas\u0103 lemnoas\u0103 &#8220;pe picior&#8221;<\/a> (update: 27.12.2022)<\/p>\n<p><a href=\"http:\/\/www.osrasinarira.ro\/blog\/licitatie-masa-lemnoasa-fasonata-din-data-de-12-10-2022\/\" target=\"_blank\" rel=\"noopener noreferrer\">Licita\u021bie mas\u0103 lemnoas\u0103 fasonat\u0103 la drum auto<\/a> (update: 07.10.2022)<\/p>\n<p><a href=\"http:\/\/www.osrasinarira.ro\/blog\/licitatie-masa-lemnoasa-pe-picior-din-data-de-12-10-2022\/\" target=\"_blank\" rel=\"noopener noreferrer\">Licita\u021bie mas\u0103 lemnoas\u0103 &#8220;pe picior&#8221;<\/a> (update: 07.10.2022)<\/p>\n<p><a href=\"http:\/\/www.osrasinarira.ro\/blog\/licitatie-masa-lemnoasa-fasonata-din-data-de-31-05-2022\/\" target=\"_blank\" rel=\"noopener noreferrer\">Licita\u021bie mas\u0103 lemnoas\u0103 fasonat\u0103 la drum auto<\/a> (update: 26.05.2022)<\/p>\n<p><a href=\"http:\/\/www.osrasinarira.ro\/blog\/licitatie-masa-lemnoasa-pe-picior-din-data-de-10-03-2022\/\" target=\"_blank\" rel=\"noopener noreferrer\">Licita\u021bie mas\u0103 lemnoas\u0103 &#8220;pe picior&#8221;<\/a><a href=\"http:\/\/www.osrasinarira.ro\/blog\/licitatie-masa-lemnoasa-pe-picior-din-data-de-10-03-2022\/\" target=\"_blank\" rel=\"noopener noreferrer\"> (update: 03.03.2022)<\/a><\/p>\n<p><a href=\"http:\/\/www.osrasinarira.ro\/blog\/licitatie-masa-lemnoasa-fasonata-din-data-de-12-11-2021\/\" target=\"_blank\" rel=\"noopener noreferrer\">Licita\u021bie mas\u0103 lemnoas\u0103 fasonat\u0103 la drum auto<\/a> (update: 09.11.2021)<\/p>\n<p><a href=\"http:\/\/www.osrasinarira.ro\/blog\/licitatie-masa-lemnoasa-pe-picior-din-data-de-12-11-2021\/\" target=\"_blank\" rel=\"noopener noreferrer\">Licita\u021bie mas\u0103 lemnoas\u0103 &#8220;pe picior&#8221;<\/a> (update: 09.11.2021)<\/p>\n<p><a href=\"http:\/\/www.osrasinarira.ro\/blog\/licitatie-masa-lemnoasa-pe-picior-din-data-de-14-10-2021\/\" target=\"_blank\" rel=\"noopener noreferrer\">Licita\u021bie mas\u0103 lemnoas\u0103 &#8220;pe picior&#8221;<\/a> (update: 04.10.2021)<\/p>\n<p><a href=\"http:\/\/www.osrasinarira.ro\/blog\/licitatie-masa-lemnoasa-pe-picior-din-data-de-09-08-2021\/\" target=\"_blank\" rel=\"noopener noreferrer\">Licita\u021bie mas\u0103 lemnoas\u0103 &#8220;pe picior&#8221;<\/a> (update: 04.08.2021)<\/p>\n<p><a href=\"http:\/\/www.osrasinarira.ro\/blog\/licitatie-masa-lemnoasa-fasonata-din-data-de-20-04-2021\/\" target=\"_blank\" rel=\"noopener noreferrer\">Licita\u021bie mas\u0103 lemnoas\u0103 fasonat\u0103 la drum auto<\/a> (update: 14.04.2021)<\/p>\n<p><a href=\"http:\/\/www.osrasinarira.ro\/blog\/licitatie-masa-lemnoasa-pe-picior\/\" target=\"_blank\" rel=\"noopener noreferrer\">Licita\u021bie mas\u0103 lemnoas\u0103 \u201cpe picior\u201d<\/a> (update: 07.12.2020<\/p>\n<p><a href=\"http:\/\/www.osrasinarira.ro\/blog\/licitatie-masa-lemnoasa-fasonata-din-17-02-2020\/\" target=\"_blank\" rel=\"noopener noreferrer\">Licita\u021bie mas\u0103 lemnoas\u0103 fasonat\u0103<\/a> (update: 20.10.2020)<\/p>\n<p><a href=\"http:\/\/www.osrasinarira.ro\/blog\/licitatie-masa-lemnoasa-pe-picior\/\" target=\"_blank\" rel=\"noopener noreferrer\">Licita\u021bie mas\u0103 lemnoas\u0103 \u201cpe picior\u201d<\/a> (update: 03.09.2020)<\/p>\n<p><a href=\"http:\/\/www.osrasinarira.ro\/blog\/licitatie-masa-lemnoasa-pe-picior\/\" target=\"_blank\" rel=\"noopener noreferrer\">Licita\u021bie mas\u0103 lemnoas\u0103 \u201cpe picior\u201d<\/a> (update: 08.07.2020)<\/p>\n<p><a href=\"http:\/\/www.osrasinarira.ro\/blog\/licitatie-masa-lemnoasa-pe-picior\/\" target=\"_blank\" rel=\"noopener noreferrer\">Licita\u021bie mas\u0103 lemnoas\u0103 \u201cpe picior\u201d<\/a> (update: 05.05.2020)<\/p>\n<p><a href=\"http:\/\/www.osrasinarira.ro\/blog\/licitatie-masa-lemnoasa-pe-picior-din-17-02-2020\/\" target=\"_blank\" rel=\"noopener noreferrer\">Licita\u021bie mas\u0103 lemnoas\u0103 &#8220;pe picior<\/a>&#8221; (update: 14.02.2020)<\/p>\n<p><a href=\"http:\/\/www.osrasinarira.ro\/blog\/licitatie-masa-lemnoasa-fasonata-din-17-02-2020\/\" target=\"_blank\" rel=\"noopener noreferrer\">Licita\u021bie mas\u0103 lemnoas\u0103 fasonat\u0103<\/a> (update: 14.02.2020)<\/p>\n<p><a href=\"http:\/\/www.osrasinarira.ro\/blog\/licitatie-masa-lemnoasa-pe-picior-din-29-11-2019\/\" target=\"_blank\" rel=\"noopener noreferrer\">Licitatie masa lemnoasa &#8220;pe picior<\/a>&#8221; (update: 26.11.2019)<\/p>\n<p><a href=\"http:\/\/www.osrasinarira.ro\/blog\/licitatie-masa-lemnoasa-fasonata-din-29-11-2019\/\" target=\"_blank\" rel=\"noopener noreferrer\">Licitatie masa lemnoasa fasonata<\/a> (update: 26.11.2019)<\/p>\n<p><a href=\"http:\/\/www.osrasinarira.ro\/blog\/licitatie-masa-lemnoasa-pe-picior-din-18-11-2019\/\" target=\"_blank\" rel=\"noopener noreferrer\">Licitatie masa lemnoasa &#8220;pe picior<\/a>&#8221; (update: 15.11.2019)<\/p>\n<p><a href=\"http:\/\/www.osrasinarira.ro\/blog\/licitatie-masa-lemnoasa-fasonata-din-18-11-2019\/\" target=\"_blank\" rel=\"noopener noreferrer\">Licitatie masa lemnoasa fasonata<\/a> (update: 15.11.2019)<\/p>\n<p><a href=\"http:\/\/www.osrasinarira.ro\/blog\/licitatie-masa-lemnoasa-pe-picior-din-30-09-2019\/\" target=\"_blank\" rel=\"noopener noreferrer\">Licitatie masa lemnoasa &#8220;pe picior<\/a>&#8221; (update: 26.09.2019)<\/p>\n<p><a href=\"http:\/\/www.osrasinarira.ro\/blog\/licitatie-masa-lemnoasa-fasonata-din-29-07-2019\/\" target=\"_blank\" rel=\"noopener noreferrer\">Licitatie masa lemnoasa fasonata<\/a> (update: 26.09.2019)<\/p>\n<p><a href=\"http:\/\/www.osrasinarira.ro\/blog\/licitatie-masa-lemnoasa-pe-picior-din-29-07-2019-update-18-07-2019\/\" target=\"_blank\" rel=\"noopener noreferrer\">Licitatie masa lemnoasa &#8220;pe picior<\/a>&#8221; (update: 26.07.2019)<\/p>\n<p><a href=\"http:\/\/www.osrasinarira.ro\/blog\/licitatie-masa-lemnoasa-fasonata-din-29-07-2019-update-18-07-2019\/\" target=\"_blank\" rel=\"noopener noreferrer\">Licitatie masa lemnoasa fasonata<\/a> (update: 26.07.2019)<\/p>\n<p><a href=\"http:\/\/www.osrasinarira.ro\/blog\/licitatie-masa-lemnoasa-pe-picior-update-01-06-2019\/\" target=\"_blank\" rel=\"noopener noreferrer\">Licitatie masa lemnoasa &#8220;pe picior&#8221;<\/a> (update: 10.07.2019)<\/p>\n<p><a href=\"http:\/\/www.osrasinarira.ro\/blog\/licitatie-fasonat-la-drum-auto-12-07-2019\/\" target=\"_blank\" rel=\"noopener noreferrer\">Licitatie masa lemnoasa fasonata<\/a> (update: 10.07.2019)<\/p>\n<p><a href=\"http:\/\/www.osrasinarira.ro\/blog\/licitatie-masa-lemnoasa-fasonat-la-drum-auto-28-05-2019\/\" target=\"_blank\" rel=\"noopener noreferrer\">Licitatie masa lemnoasa fasonata<\/a> (update: 27.05.2019)<\/p>\n<p><a href=\"http:\/\/www.osrasinarira.ro\/blog\/licitatie-pe-picior-din-15-04-2019\/\" target=\"_blank\" rel=\"noopener noreferrer\">Licitatie masa lemnoasa &#8220;pe picior&#8221;<\/a> (update: 12.04.2019)<\/p>\n<p><a href=\"http:\/\/www.osrasinarira.ro\/blog\/licitatie-fasonat-la-drum-auto-15-04-2019\/\" target=\"_blank\" rel=\"noopener noreferrer\">Licitatie masa lemnoasa fasonata<\/a> (update: 12.04.2019)<\/p>\n<p><a href=\"http:\/\/www.osrasinarira.ro\/blog\/licitatie-pe-picior-din-15-02-2019-update-05-02-2019\/\">Licitatie masa lemnoasa &#8220;pe picior<\/a>&#8221; (update: 05.02.2019)<\/p>\n<p><a href=\"http:\/\/www.osrasinarira.ro\/blog\/licitatie-picior-nov-1\/\" target=\"_blank\" rel=\"noopener noreferrer\">Licitatie masa lemnoasa &#8220;pe picior&#8221; (Update: 15.11.2018)<\/a><\/p>\n<p><a href=\"http:\/\/www.osrasinarira.ro\/blog\/licitatie-picior-noiembrie-2018\/\">Licitatie masa lemnoasa &#8220;pe picior&#8221; (Update: 05.11.2018)<\/a><\/p>\n<p><a href=\"http:\/\/www.osrasinarira.ro\/blog\/licitatie-fasonat-noimbrie-2018\/\" target=\"_blank\" rel=\"noopener noreferrer\">Licitatie masa lemnoasa fasonata (Update: 05.11.2018)<\/a><\/p>\n<p><a href=\"http:\/\/www.osrasinarira.ro\/blog\/licitatie-picior-22-iunie-2018\/\">Licitatie masa lemnoasa &#8220;pe picior&#8221; (Update: 19.06.2018)<\/a><\/p>\n<p><a href=\"http:\/\/www.osrasinarira.ro\/blog\/licitatie-masa-lemnoasa-fasonata-22-06-2018-update-07-06-2018\/\">Licitatie masa lemnoasa fasonata (Update: 19.06.2018)<\/a><\/p>\n<p><a href=\"http:\/\/www.osrasinarira.ro\/blog\/licitatie-picior-6-martie\/\">Licitatie masa lemnoasa &#8220;pe picior&#8221; (Update: 23.02.2018)<\/a><\/p>\n<p><a href=\"http:\/\/www.osrasinarira.ro\/blog\/main\/licitatii-masa-lemnoasa\/lista-revizuita-a-partizilor-ce-urmeaza-a-se-exploata-in-anul-2018\/\">Lista revizuita a partizilor ce urmeaza a fi exploatate \u00een anul 2018 (Update: 20.02.2018)<\/a><\/p>\n<p><a href=\"http:\/\/www.osrasinarira.ro\/licitatii\/2018\/feb_fasonat\/feb_fasonat_2018.htm\">Licitatie materiale lemnoase fasonate (Update: 23.02.2018)<\/a><\/p>\n<p><a href=\"http:\/\/www.osrasinarira.ro\/licitatii\/2018\/Lista_APV\/Lista_APV_2018.html\">Lista partizilor ce urmeaza a fi exploatate \u00een anul 2018 (Update: 29.11.2017)<\/a><\/p>\n<p><a href=\"http:\/\/www.osrasinarira.ro\/licitatii\/2017\/iulie_fasonat\/iul_fasonat_2017.htm\">Licitatie materiale lemnoase fasonate (Update: 04.07.2017)<\/a><\/p>\n<p><a href=\"http:\/\/www.osrasinarira.ro\/licitatii\/2017\/iunie\/iunie_2017.html\">Licitatie masa lemnoasa pe picior (Update: 25.05.2017)<\/a><\/p>\n<p><a href=\"http:\/\/www.osrasinarira.ro\/blog\/main\/licitatii-masa-lemnoasa\/licitatie_ml_feb_2017\/\">Licitatie masa lemnoasa pe picior (Update: 03.02.2017)<\/a><\/p>\n<p><a href=\"http:\/\/www.osrasinarira.ro\/licitatii\/2017\/Lista_2017.pdf\">Lista de partizi pentru anul 2017 (Update: 15.12.2016)<\/a><\/p>\n<p><a href=\"http:\/\/www.osrasinarira.ro\/licitatii\/2016\/dec_fasonat\/dec_2016.htm\">Licitatie masa lemnoasa fasonata (Update: 05.12.2016)<\/a><\/p>\n<p><a href=\"http:\/\/www.osrasinarira.ro\/licitatii\/2016\/nov\/nov_2016.htm\">Licitatie masa lemnoasa pe picior (Update: 04.11.2016)<\/a><\/p>\n","protected":false},"excerpt":{"rendered":"<p>Licita\u021bie mas\u0103 lemnoas\u0103 ,,fasonat la drum auto&#8221; in data de 25.02.2026(update:25.02.2026) Licita\u021bie mas\u0103 lemnoas\u0103 &#8220;pe picior&#8221; in data de 25.02.2026 (update: 25.02.2026) Licita\u021bie mas\u0103 lemnoas\u0103 &#8220;pe picior&#8221; in data de 17.12.2025 (update: 17.12.2025) Licita\u021bie mas\u0103 lemnoas\u0103 ,,fasonat la drum auto&#8221; in data de 17.12.2025(update:17.12.2025) Licita\u021bie mas\u0103 lemnoas\u0103 ,,fasonat la drum auto&#8221; in data de 19.08.2025(update:19.08.2025) &hellip; <\/p>\n<p class=\"link-more\"><a href=\"http:\/\/www.osrasinarira.ro\/blog\/main\/licitatii-masa-lemnoasa\/\" class=\"more-link\">Continue reading<span class=\"screen-reader-text\"> &#8220;Licitatii masa lemnoasa&#8221;<\/span><\/a><\/p>\n","protected":false},"author":1,"featured_media":0,"parent":2,"menu_order":0,"comment_status":"closed","ping_status":"closed","template":"","meta":{"footnotes":""},"_links":{"self":[{"href":"http:\/\/www.osrasinarira.ro\/blog\/wp-json\/wp\/v2\/pages\/11"}],"collection":[{"href":"http:\/\/www.osrasinarira.ro\/blog\/wp-json\/wp\/v2\/pages"}],"about":[{"href":"http:\/\/www.osrasinarira.ro\/blog\/wp-json\/wp\/v2\/types\/page"}],"author":[{"embeddable":true,"href":"http:\/\/www.osrasinarira.ro\/blog\/wp-json\/wp\/v2\/users\/1"}],"replies":[{"embeddable":true,"href":"http:\/\/www.osrasinarira.ro\/blog\/wp-json\/wp\/v2\/comments?post=11"}],"version-history":[{"count":170,"href":"http:\/\/www.osrasinarira.ro\/blog\/wp-json\/wp\/v2\/pages\/11\/revisions"}],"predecessor-version":[{"id":1801,"href":"http:\/\/www.osrasinarira.ro\/blog\/wp-json\/wp\/v2\/pages\/11\/revisions\/1801"}],"up":[{"embeddable":true,"href":"http:\/\/www.osrasinarira.ro\/blog\/wp-json\/wp\/v2\/pages\/2"}],"wp:attachment":[{"href":"http:\/\/www.osrasinarira.ro\/blog\/wp-json\/wp\/v2\/media?parent=11"}],"curies":[{"name":"wp","href":"https:\/\/api.w.org\/{rel}","templated":true}]}}