{"id":1056,"date":"2021-04-09T10:19:36","date_gmt":"2021-04-09T08:19:36","guid":{"rendered":"http:\/\/www.osrasinarira.ro\/blog\/?page_id=1056"},"modified":"2021-04-14T15:02:45","modified_gmt":"2021-04-14T13:02:45","slug":"licitatie-masa-lemnoasa-fasonata-din-data-de-20-04-2021","status":"publish","type":"page","link":"http:\/\/www.osrasinarira.ro\/blog\/licitatie-masa-lemnoasa-fasonata-din-data-de-20-04-2021\/","title":{"rendered":"Licita\u021bie mas\u0103 lemnoas\u0103 fasonat\u0103 din data de 20.04.2021"},"content":{"rendered":"\n<p>Ocolul Silvic R\u0103\u0219inari RA, cu sediul \u00een comuna R\u0103\u0219inari, str. O.Goga, nr. 1687, tel. \/ fax 0269557779, anun\u021b\u0103 organizarea \u00een data de 20.04.2021, la sediul propriu licita\u021bie public\u0103 deschis\u0103 \u00een plic pentru lemn fasonat la drum auto.<\/p>\n\n\n\n<p><a href=\"http:\/\/www.osrasinarira.ro\/licitatii\/2021\/Aprilie_fasonat\/Anunt_licitatie.pdf\">Anun\u021b licita\u021bie<\/a><\/p>\n\n\n\n<p><a href=\"http:\/\/www.osrasinarira.ro\/licitatii\/2021\/Aprilie_fasonat\/Lista_loturi.pdf\">List\u0103 loturi<\/a><\/p>\n\n\n\n<p><a href=\"http:\/\/www.osrasinarira.ro\/licitatii\/2021\/Aprilie_fasonat\/CSB_fasonat.pdf\">Caiet de sarcini<\/a><\/p>\n\n\n\n<p><a href=\"http:\/\/www.osrasinarira.ro\/licitatii\/2021\/Aprilie_fasonat\/Formularul_1_2_3.pdf\">Documente \u0219i formulare<\/a><\/p>\n\n\n\n<p><a href=\"http:\/\/www.osrasinarira.ro\/licitatii\/2021\/Aprilie_fasonat\/Contract_fasonat.pdf\">Model contract<\/a><\/p>\n\n\n\n<p><a href=\"http:\/\/www.osrasinarira.ro\/licitatii\/2021\/Aprilie_fasonat\/PV_preselectie.pdf\">Proces verbal de preselectie<\/a><\/p>\n\n\n\n<p>Puncte de livrare<\/p>\n\n\n\n<ul><li><a rel=\"noreferrer noopener\" href=\"http:\/\/www.osrasinarira.ro\/licitatii\/2021\/Aprilie_fasonat\/Aprilie_fasonat.kml\" target=\"_blank\">KML<\/a><\/li><\/ul>\n\n\n\n<p>Fi\u0219ierele kml se pot utiliza cu aplica\u021bia&nbsp;<a href=\"https:\/\/play.google.com\/store\/apps\/details?id=menion.android.locus&amp;referrer=utm_source%3Dlocusmapeu%26utm_medium%3Ddownloadbutton%26utm_content%3Ddownload\">Locus Map<\/a>&nbsp;sau&nbsp;<a href=\"https:\/\/play.google.com\/store\/apps\/details?id=com.google.earth\">Google Earth<\/a><\/p>\n","protected":false},"excerpt":{"rendered":"<p>Ocolul Silvic R\u0103\u0219inari RA, cu sediul \u00een comuna R\u0103\u0219inari, str. O.Goga, nr. 1687, tel. \/ fax 0269557779, anun\u021b\u0103 organizarea \u00een data de 20.04.2021, la sediul propriu licita\u021bie public\u0103 deschis\u0103 \u00een plic pentru lemn fasonat la drum auto. Anun\u021b licita\u021bie List\u0103 loturi Caiet de sarcini Documente \u0219i formulare Model contract Proces verbal de preselectie Puncte de &hellip; <\/p>\n<p class=\"link-more\"><a href=\"http:\/\/www.osrasinarira.ro\/blog\/licitatie-masa-lemnoasa-fasonata-din-data-de-20-04-2021\/\" class=\"more-link\">Continue reading<span class=\"screen-reader-text\"> &#8220;Licita\u021bie mas\u0103 lemnoas\u0103 fasonat\u0103 din data de 20.04.2021&#8221;<\/span><\/a><\/p>\n","protected":false},"author":1,"featured_media":0,"parent":0,"menu_order":0,"comment_status":"closed","ping_status":"closed","template":"","meta":{"footnotes":""},"_links":{"self":[{"href":"http:\/\/www.osrasinarira.ro\/blog\/wp-json\/wp\/v2\/pages\/1056"}],"collection":[{"href":"http:\/\/www.osrasinarira.ro\/blog\/wp-json\/wp\/v2\/pages"}],"about":[{"href":"http:\/\/www.osrasinarira.ro\/blog\/wp-json\/wp\/v2\/types\/page"}],"author":[{"embeddable":true,"href":"http:\/\/www.osrasinarira.ro\/blog\/wp-json\/wp\/v2\/users\/1"}],"replies":[{"embeddable":true,"href":"http:\/\/www.osrasinarira.ro\/blog\/wp-json\/wp\/v2\/comments?post=1056"}],"version-history":[{"count":5,"href":"http:\/\/www.osrasinarira.ro\/blog\/wp-json\/wp\/v2\/pages\/1056\/revisions"}],"predecessor-version":[{"id":1065,"href":"http:\/\/www.osrasinarira.ro\/blog\/wp-json\/wp\/v2\/pages\/1056\/revisions\/1065"}],"wp:attachment":[{"href":"http:\/\/www.osrasinarira.ro\/blog\/wp-json\/wp\/v2\/media?parent=1056"}],"curies":[{"name":"wp","href":"https:\/\/api.w.org\/{rel}","templated":true}]}}